{"id":13326,"date":"2024-05-30T20:27:36","date_gmt":"2024-05-30T20:27:36","guid":{"rendered":"http:\/\/alliancemega.com\/?page_id=13326"},"modified":"2024-05-31T14:14:45","modified_gmt":"2024-05-31T14:14:45","slug":"about","status":"publish","type":"page","link":"https:\/\/alliancemega.com\/es\/about\/","title":{"rendered":"Nosotros"},"content":{"rendered":"<div data-elementor-type=\"wp-page\" data-elementor-id=\"13326\" class=\"elementor elementor-13326\" data-elementor-post-type=\"page\">\n\t\t\t\t<div class=\"elementor-element elementor-element-e255e09 e-flex e-con-boxed e-con e-parent\" data-id=\"e255e09\" data-element_type=\"container\">\n\t\t\t\t\t<div class=\"e-con-inner\">\n\t\t<div class=\"elementor-element elementor-element-a095fbe e-flex e-con-boxed e-con e-child\" data-id=\"a095fbe\" data-element_type=\"container\">\n\t\t\t\t\t<div class=\"e-con-inner\">\n\t\t\t\t<div class=\"elementor-element elementor-element-2d9daca elementor-widget elementor-widget-heading\" data-id=\"2d9daca\" data-element_type=\"widget\" data-widget_type=\"heading.default\">\n\t\t\t\t<div class=\"elementor-widget-container\">\n\t\t\t<h2 class=\"elementor-heading-title elementor-size-default\">Sobre nosotros<\/h2>\t\t<\/div>\n\t\t\t\t<\/div>\n\t\t\t\t<div class=\"elementor-element elementor-element-a6249f7 elementor-widget__width-initial elementor-widget elementor-widget-text-editor\" data-id=\"a6249f7\" data-element_type=\"widget\" data-widget_type=\"text-editor.default\">\n\t\t\t\t<div class=\"elementor-widget-container\">\n\t\t\t\t\t\t\t<p>Potenciando el \u00e9xito a trav\u00e9s de una colaboraci\u00f3n estrat\u00e9gica, ALLIANCE MEGA LIMITED surgi\u00f3 en 2014 como una convergencia de las principales industrias, comercio y tecnolog\u00edas de vanguardia de Asia. Centrados en integrar de manera fluida el conocimiento en sistemas metal\u00fargicos, mec\u00e1nicos, pl\u00e1sticos, textiles y de procesamiento, nuestro compromiso con la excelencia es evidente en cada faceta de nuestras operaciones.<\/p>\t\t\t\t\t\t<\/div>\n\t\t\t\t<\/div>\n\t\t\t\t<div class=\"elementor-element elementor-element-a36c933 elementor-widget__width-initial elementor-widget elementor-widget-text-editor\" data-id=\"a36c933\" data-element_type=\"widget\" data-widget_type=\"text-editor.default\">\n\t\t\t\t<div class=\"elementor-widget-container\">\n\t\t\t\t\t\t\t<p>En AML, nuestro equipo de ingenieros expertos, asesores financieros y especialistas en log\u00edstica aporta contribuciones incomparables, posicion\u00e1ndonos como un socio s\u00f3lido en la provisi\u00f3n de soluciones personalizadas para sus esfuerzos de fabricaci\u00f3n, inversi\u00f3n y desarrollo. Con una d\u00e9cada de experiencia en la conexi\u00f3n de la tecnolog\u00eda asi\u00e1tica con los est\u00e1ndares europeos, garantizamos beneficios sostenibles a corto plazo y convertimos sus proyectos en realidad.<\/p>\t\t\t\t\t\t<\/div>\n\t\t\t\t<\/div>\n\t\t\t\t\t<\/div>\n\t\t\t\t<\/div>\n\t\t\t\t\t<\/div>\n\t\t\t\t<\/div>\n\t\t<div class=\"elementor-element elementor-element-c8f600e e-flex e-con-boxed e-con e-parent\" data-id=\"c8f600e\" data-element_type=\"container\">\n\t\t\t\t\t<div class=\"e-con-inner\">\n\t\t<div class=\"elementor-element elementor-element-9e6707d e-flex e-con-boxed e-con e-child\" data-id=\"9e6707d\" data-element_type=\"container\">\n\t\t\t\t\t<div class=\"e-con-inner\">\n\t\t\t\t<div class=\"elementor-element elementor-element-62eeebb elementor-widget elementor-widget-image\" data-id=\"62eeebb\" data-element_type=\"widget\" data-widget_type=\"image.default\">\n\t\t\t\t<div class=\"elementor-widget-container\">\n\t\t\t\t\t\t\t\t\t\t\t\t\t<img fetchpriority=\"high\" decoding=\"async\" width=\"800\" height=\"600\" src=\"https:\/\/alliancemega.com\/wp-content\/uploads\/2024\/02\/mmexport1567563249118-1024x768.jpg\" class=\"attachment-large size-large wp-image-13162\" alt=\"\" srcset=\"https:\/\/alliancemega.com\/wp-content\/uploads\/2024\/02\/mmexport1567563249118-1024x768.jpg 1024w, https:\/\/alliancemega.com\/wp-content\/uploads\/2024\/02\/mmexport1567563249118-300x225.jpg 300w, https:\/\/alliancemega.com\/wp-content\/uploads\/2024\/02\/mmexport1567563249118-768x576.jpg 768w, https:\/\/alliancemega.com\/wp-content\/uploads\/2024\/02\/mmexport1567563249118-1536x1152.jpg 1536w, https:\/\/alliancemega.com\/wp-content\/uploads\/2024\/02\/mmexport1567563249118-2048x1536.jpg 2048w, https:\/\/alliancemega.com\/wp-content\/uploads\/2024\/02\/mmexport1567563249118-16x12.jpg 16w\" sizes=\"(max-width: 800px) 100vw, 800px\" \/>\t\t\t\t\t\t\t\t\t\t\t\t\t<\/div>\n\t\t\t\t<\/div>\n\t\t\t\t\t<\/div>\n\t\t\t\t<\/div>\n\t\t\t\t\t<\/div>\n\t\t\t\t<\/div>\n\t\t<div class=\"elementor-element elementor-element-18f3aa1 e-flex e-con-boxed e-con e-parent\" data-id=\"18f3aa1\" data-element_type=\"container\" data-settings=\"{&quot;background_background&quot;:&quot;classic&quot;}\">\n\t\t\t\t\t<div class=\"e-con-inner\">\n\t\t\t\t<div class=\"elementor-element elementor-element-9ec86e5 elementor-widget elementor-widget-heading\" data-id=\"9ec86e5\" data-element_type=\"widget\" data-widget_type=\"heading.default\">\n\t\t\t\t<div class=\"elementor-widget-container\">\n\t\t\t<h2 class=\"elementor-heading-title elementor-size-default\">Alianzas Fuertes<\/h2>\t\t<\/div>\n\t\t\t\t<\/div>\n\t\t\t\t<div class=\"elementor-element elementor-element-d47cae6 elementor-widget__width-initial elementor-widget elementor-widget-text-editor\" data-id=\"d47cae6\" data-element_type=\"widget\" data-widget_type=\"text-editor.default\">\n\t\t\t\t<div class=\"elementor-widget-container\">\n\t\t\t\t\t\t\t<p>Soluciones personalizadas para adaptarse a los requisitos espec\u00edficos de organizaciones de todos los tama\u00f1os.<\/p>\t\t\t\t\t\t<\/div>\n\t\t\t\t<\/div>\n\t\t<div class=\"elementor-element elementor-element-493c9fa e-flex e-con-boxed e-con e-child\" data-id=\"493c9fa\" data-element_type=\"container\">\n\t\t\t\t\t<div class=\"e-con-inner\">\n\t\t<div class=\"elementor-element elementor-element-3b52438 e-flex e-con-boxed e-con e-child\" data-id=\"3b52438\" data-element_type=\"container\">\n\t\t\t\t\t<div class=\"e-con-inner\">\n\t\t\t\t<div class=\"elementor-element elementor-element-080e371 elementor-widget elementor-widget-image\" data-id=\"080e371\" data-element_type=\"widget\" data-widget_type=\"image.default\">\n\t\t\t\t<div class=\"elementor-widget-container\">\n\t\t\t\t\t\t\t\t\t\t\t\t\t<img decoding=\"async\" width=\"160\" height=\"40\" src=\"https:\/\/alliancemega.com\/wp-content\/uploads\/2024\/02\/logo_pequeno.png\" class=\"attachment-large size-large wp-image-13135\" alt=\"\" srcset=\"https:\/\/alliancemega.com\/wp-content\/uploads\/2024\/02\/logo_pequeno.png 160w, https:\/\/alliancemega.com\/wp-content\/uploads\/2024\/02\/logo_pequeno-18x5.png 18w\" sizes=\"(max-width: 160px) 100vw, 160px\" \/>\t\t\t\t\t\t\t\t\t\t\t\t\t<\/div>\n\t\t\t\t<\/div>\n\t\t\t\t\t<\/div>\n\t\t\t\t<\/div>\n\t\t<div class=\"elementor-element elementor-element-ae9ae4e e-flex e-con-boxed e-con e-child\" data-id=\"ae9ae4e\" data-element_type=\"container\">\n\t\t\t\t\t<div class=\"e-con-inner\">\n\t\t\t\t<div class=\"elementor-element elementor-element-1545c38 elementor-widget elementor-widget-image\" data-id=\"1545c38\" data-element_type=\"widget\" data-widget_type=\"image.default\">\n\t\t\t\t<div class=\"elementor-widget-container\">\n\t\t\t\t\t\t\t\t\t\t\t\t\t<img decoding=\"async\" width=\"200\" height=\"150\" src=\"https:\/\/alliancemega.com\/wp-content\/uploads\/2024\/02\/lucem-carrusel.png\" class=\"attachment-large size-large wp-image-13134\" alt=\"\" srcset=\"https:\/\/alliancemega.com\/wp-content\/uploads\/2024\/02\/lucem-carrusel.png 200w, https:\/\/alliancemega.com\/wp-content\/uploads\/2024\/02\/lucem-carrusel-16x12.png 16w\" sizes=\"(max-width: 200px) 100vw, 200px\" \/>\t\t\t\t\t\t\t\t\t\t\t\t\t<\/div>\n\t\t\t\t<\/div>\n\t\t\t\t\t<\/div>\n\t\t\t\t<\/div>\n\t\t<div class=\"elementor-element elementor-element-d126081 e-flex e-con-boxed e-con e-child\" data-id=\"d126081\" data-element_type=\"container\">\n\t\t\t\t\t<div class=\"e-con-inner\">\n\t\t\t\t<div class=\"elementor-element elementor-element-847f24e elementor-widget elementor-widget-image\" data-id=\"847f24e\" data-element_type=\"widget\" data-widget_type=\"image.default\">\n\t\t\t\t<div class=\"elementor-widget-container\">\n\t\t\t\t\t\t\t\t\t\t\t\t\t<img loading=\"lazy\" decoding=\"async\" width=\"200\" height=\"89\" src=\"https:\/\/alliancemega.com\/wp-content\/uploads\/2024\/02\/fcs-carrusel-e1706901278912.png\" class=\"attachment-large size-large wp-image-13133\" alt=\"\" srcset=\"https:\/\/alliancemega.com\/wp-content\/uploads\/2024\/02\/fcs-carrusel-e1706901278912.png 200w, https:\/\/alliancemega.com\/wp-content\/uploads\/2024\/02\/fcs-carrusel-e1706901278912-18x8.png 18w\" sizes=\"(max-width: 200px) 100vw, 200px\" \/>\t\t\t\t\t\t\t\t\t\t\t\t\t<\/div>\n\t\t\t\t<\/div>\n\t\t\t\t\t<\/div>\n\t\t\t\t<\/div>\n\t\t<div class=\"elementor-element elementor-element-a32548c e-flex e-con-boxed e-con e-child\" data-id=\"a32548c\" data-element_type=\"container\">\n\t\t\t\t\t<div class=\"e-con-inner\">\n\t\t\t\t<div class=\"elementor-element elementor-element-3501a88 elementor-widget elementor-widget-image\" data-id=\"3501a88\" data-element_type=\"widget\" data-widget_type=\"image.default\">\n\t\t\t\t<div class=\"elementor-widget-container\">\n\t\t\t\t\t\t\t\t\t\t\t\t\t<img loading=\"lazy\" decoding=\"async\" width=\"200\" height=\"150\" src=\"https:\/\/alliancemega.com\/wp-content\/uploads\/2024\/02\/switek-carrusel.png\" class=\"attachment-large size-large wp-image-13132\" alt=\"\" srcset=\"https:\/\/alliancemega.com\/wp-content\/uploads\/2024\/02\/switek-carrusel.png 200w, https:\/\/alliancemega.com\/wp-content\/uploads\/2024\/02\/switek-carrusel-16x12.png 16w\" sizes=\"(max-width: 200px) 100vw, 200px\" \/>\t\t\t\t\t\t\t\t\t\t\t\t\t<\/div>\n\t\t\t\t<\/div>\n\t\t\t\t\t<\/div>\n\t\t\t\t<\/div>\n\t\t<div class=\"elementor-element elementor-element-7ba29b9 e-flex e-con-boxed e-con e-child\" data-id=\"7ba29b9\" data-element_type=\"container\">\n\t\t\t\t\t<div class=\"e-con-inner\">\n\t\t\t\t<div class=\"elementor-element elementor-element-5ec6805 elementor-widget elementor-widget-image\" data-id=\"5ec6805\" data-element_type=\"widget\" data-widget_type=\"image.default\">\n\t\t\t\t<div class=\"elementor-widget-container\">\n\t\t\t\t\t\t\t\t\t\t\t\t\t<img loading=\"lazy\" decoding=\"async\" width=\"558\" height=\"110\" src=\"https:\/\/alliancemega.com\/wp-content\/uploads\/2024\/02\/formax_logo.png\" class=\"attachment-large size-large wp-image-13131\" alt=\"\" srcset=\"https:\/\/alliancemega.com\/wp-content\/uploads\/2024\/02\/formax_logo.png 558w, https:\/\/alliancemega.com\/wp-content\/uploads\/2024\/02\/formax_logo-300x59.png 300w, https:\/\/alliancemega.com\/wp-content\/uploads\/2024\/02\/formax_logo-18x4.png 18w\" sizes=\"(max-width: 558px) 100vw, 558px\" \/>\t\t\t\t\t\t\t\t\t\t\t\t\t<\/div>\n\t\t\t\t<\/div>\n\t\t\t\t\t<\/div>\n\t\t\t\t<\/div>\n\t\t<div class=\"elementor-element elementor-element-f91ef35 e-flex e-con-boxed e-con e-child\" data-id=\"f91ef35\" data-element_type=\"container\">\n\t\t\t\t\t<div class=\"e-con-inner\">\n\t\t\t\t<div class=\"elementor-element elementor-element-1bc9d66 elementor-widget elementor-widget-image\" data-id=\"1bc9d66\" data-element_type=\"widget\" data-widget_type=\"image.default\">\n\t\t\t\t<div class=\"elementor-widget-container\">\n\t\t\t\t\t\t\t\t\t\t\t\t\t<img loading=\"lazy\" decoding=\"async\" width=\"768\" height=\"256\" src=\"https:\/\/alliancemega.com\/wp-content\/uploads\/2024\/02\/cropped-logo-kunst-solut-copy-1-768x256.png\" class=\"attachment-medium_large size-medium_large wp-image-13130\" alt=\"\" srcset=\"https:\/\/alliancemega.com\/wp-content\/uploads\/2024\/02\/cropped-logo-kunst-solut-copy-1-768x256.png 768w, https:\/\/alliancemega.com\/wp-content\/uploads\/2024\/02\/cropped-logo-kunst-solut-copy-1-300x100.png 300w, https:\/\/alliancemega.com\/wp-content\/uploads\/2024\/02\/cropped-logo-kunst-solut-copy-1-18x6.png 18w, https:\/\/alliancemega.com\/wp-content\/uploads\/2024\/02\/cropped-logo-kunst-solut-copy-1.png 819w\" sizes=\"(max-width: 768px) 100vw, 768px\" \/>\t\t\t\t\t\t\t\t\t\t\t\t\t<\/div>\n\t\t\t\t<\/div>\n\t\t\t\t\t<\/div>\n\t\t\t\t<\/div>\n\t\t\t\t\t<\/div>\n\t\t\t\t<\/div>\n\t\t\t\t\t<\/div>\n\t\t\t\t<\/div>\n\t\t<div class=\"elementor-element elementor-element-cd6e958 e-flex e-con-boxed e-con e-parent\" data-id=\"cd6e958\" data-element_type=\"container\" data-settings=\"{&quot;background_background&quot;:&quot;classic&quot;}\">\n\t\t\t\t\t<div class=\"e-con-inner\">\n\t\t<div class=\"elementor-element elementor-element-06434e6 e-con-full e-flex e-con e-child\" data-id=\"06434e6\" data-element_type=\"container\">\n\t\t\t\t<div class=\"elementor-element elementor-element-6dc1034 elementor-widget elementor-widget-heading\" data-id=\"6dc1034\" data-element_type=\"widget\" data-widget_type=\"heading.default\">\n\t\t\t\t<div class=\"elementor-widget-container\">\n\t\t\t<h2 class=\"elementor-heading-title elementor-size-default\">Alliance Mega Limited<\/h2>\t\t<\/div>\n\t\t\t\t<\/div>\n\t\t\t\t<div class=\"elementor-element elementor-element-a50a899 elementor-widget__width-initial elementor-widget elementor-widget-text-editor\" data-id=\"a50a899\" data-element_type=\"widget\" data-widget_type=\"text-editor.default\">\n\t\t\t\t<div class=\"elementor-widget-container\">\n\t\t\t\t\t\t\t<p>Potenciando el \u00e9xito a trav\u00e9s de una colaboraci\u00f3n estrat\u00e9gica, ALLIANCE MEGA LIMITED surgi\u00f3 en 2014 como una convergencia de las principales industrias, comercio y tecnolog\u00edas de vanguardia de Asia. Centrados en integrar de manera fluida el conocimiento en sistemas metal\u00fargicos, mec\u00e1nicos, pl\u00e1sticos, textiles y de procesamiento, nuestro compromiso con la excelencia es evidente en cada faceta de nuestras operaciones.<\/p>\t\t\t\t\t\t<\/div>\n\t\t\t\t<\/div>\n\t\t\t\t<\/div>\n\t\t<div class=\"elementor-element elementor-element-2c81c06 e-con-full e-flex e-con e-child\" data-id=\"2c81c06\" data-element_type=\"container\">\n\t\t\t\t<div class=\"elementor-element elementor-element-d759028 elementor-widget elementor-widget-image\" data-id=\"d759028\" data-element_type=\"widget\" data-widget_type=\"image.default\">\n\t\t\t\t<div class=\"elementor-widget-container\">\n\t\t\t\t\t\t\t\t\t\t\t\t\t<img loading=\"lazy\" decoding=\"async\" width=\"800\" height=\"533\" src=\"https:\/\/alliancemega.com\/wp-content\/uploads\/2019\/10\/metalworking-machinery_4-1024x682.jpg\" class=\"attachment-large size-large wp-image-12597\" alt=\"metalworking and machinery alliance mega limited\" srcset=\"https:\/\/alliancemega.com\/wp-content\/uploads\/2019\/10\/metalworking-machinery_4-1024x682.jpg 1024w, https:\/\/alliancemega.com\/wp-content\/uploads\/2019\/10\/metalworking-machinery_4-300x200.jpg 300w, https:\/\/alliancemega.com\/wp-content\/uploads\/2019\/10\/metalworking-machinery_4-768x512.jpg 768w, https:\/\/alliancemega.com\/wp-content\/uploads\/2019\/10\/metalworking-machinery_4.jpg 1600w\" sizes=\"(max-width: 800px) 100vw, 800px\" \/>\t\t\t\t\t\t\t\t\t\t\t\t\t<\/div>\n\t\t\t\t<\/div>\n\t\t\t\t<\/div>\n\t\t\t\t\t<\/div>\n\t\t\t\t<\/div>\n\t\t<div class=\"elementor-element elementor-element-ff93ea4 e-flex e-con-boxed e-con e-parent\" data-id=\"ff93ea4\" data-element_type=\"container\" data-settings=\"{&quot;background_background&quot;:&quot;classic&quot;}\">\n\t\t\t\t\t<div class=\"e-con-inner\">\n\t\t<div class=\"elementor-element elementor-element-f132f58 e-flex e-con-boxed e-con e-child\" data-id=\"f132f58\" data-element_type=\"container\" data-settings=\"{&quot;background_background&quot;:&quot;classic&quot;}\">\n\t\t\t\t\t<div class=\"e-con-inner\">\n\t\t<div class=\"elementor-element elementor-element-f68c69f e-flex e-con-boxed e-con e-child\" data-id=\"f68c69f\" data-element_type=\"container\" data-settings=\"{&quot;background_background&quot;:&quot;classic&quot;}\">\n\t\t\t\t\t<div class=\"e-con-inner\">\n\t\t\t\t<div class=\"elementor-element elementor-element-5e178cb elementor-widget elementor-widget-heading\" data-id=\"5e178cb\" data-element_type=\"widget\" data-widget_type=\"heading.default\">\n\t\t\t\t<div class=\"elementor-widget-container\">\n\t\t\t<h2 class=\"elementor-heading-title elementor-size-default\">Su socio principal, ofreciendo soluciones personalizadas para sus necesidades de fabricaci\u00f3n, inversi\u00f3n y desarrollo, convirtiendo sus aspiraciones de proyecto en realidad.<\/h2>\t\t<\/div>\n\t\t\t\t<\/div>\n\t\t<div class=\"elementor-element elementor-element-d51faee e-flex e-con-boxed e-con e-child\" data-id=\"d51faee\" data-element_type=\"container\">\n\t\t\t\t\t<div class=\"e-con-inner\">\n\t\t\t\t<div class=\"elementor-element elementor-element-2c95f80 elementor-widget elementor-widget-button\" data-id=\"2c95f80\" data-element_type=\"widget\" data-widget_type=\"button.default\">\n\t\t\t\t<div class=\"elementor-widget-container\">\n\t\t\t\t\t<div class=\"elementor-button-wrapper\">\n\t\t\t<a class=\"elementor-button elementor-button-link elementor-size-sm\" href=\"#\">\n\t\t\t\t\t\t<span class=\"elementor-button-content-wrapper\">\n\t\t\t\t\t\t<span class=\"elementor-button-icon elementor-align-icon-left\">\n\t\t\t\t<i aria-hidden=\"true\" class=\"fas fa-arrow-right\"><\/i>\t\t\t<\/span>\n\t\t\t\t\t\t\t\t\t<span class=\"elementor-button-text\">Contacto<\/span>\n\t\t\t\t\t<\/span>\n\t\t\t\t\t<\/a>\n\t\t<\/div>\n\t\t\t\t<\/div>\n\t\t\t\t<\/div>\n\t\t\t\t\t<\/div>\n\t\t\t\t<\/div>\n\t\t\t\t\t<\/div>\n\t\t\t\t<\/div>\n\t\t\t\t\t<\/div>\n\t\t\t\t<\/div>\n\t\t\t\t\t<\/div>\n\t\t\t\t<\/div>\n\t\t\t\t<\/div>","protected":false},"excerpt":{"rendered":"<p>About us Empowering success through strategic collaboration, ALLIANCE MEGA LIMITED emerged in 2014 as a convergence of Asia\u2019s foremost industries, commerce, and cutting-edge technologies. Focused on seamlessly integrating knowledge across Metallurgical, Mechanical, Plastic, Textile, and processing systems, our commitment to excellence is evident in every facet of our operations. At AML, our team of skilled [&hellip;]<\/p>","protected":false},"author":2,"featured_media":0,"parent":0,"menu_order":0,"comment_status":"closed","ping_status":"closed","template":"","meta":{"footnotes":""},"_links":{"self":[{"href":"https:\/\/alliancemega.com\/es\/wp-json\/wp\/v2\/pages\/13326"}],"collection":[{"href":"https:\/\/alliancemega.com\/es\/wp-json\/wp\/v2\/pages"}],"about":[{"href":"https:\/\/alliancemega.com\/es\/wp-json\/wp\/v2\/types\/page"}],"author":[{"embeddable":true,"href":"https:\/\/alliancemega.com\/es\/wp-json\/wp\/v2\/users\/2"}],"replies":[{"embeddable":true,"href":"https:\/\/alliancemega.com\/es\/wp-json\/wp\/v2\/comments?post=13326"}],"version-history":[{"count":0,"href":"https:\/\/alliancemega.com\/es\/wp-json\/wp\/v2\/pages\/13326\/revisions"}],"wp:attachment":[{"href":"https:\/\/alliancemega.com\/es\/wp-json\/wp\/v2\/media?parent=13326"}],"curies":[{"name":"wp","href":"https:\/\/api.w.org\/{rel}","templated":true}]}}